{"id":2,"date":"2024-07-12T08:46:20","date_gmt":"2024-07-12T08:46:20","guid":{"rendered":"http:\/\/leslawplonka.com\/?page_id=2"},"modified":"2025-03-09T23:57:38","modified_gmt":"2025-03-09T22:57:38","slug":"sample-page","status":"publish","type":"page","link":"https:\/\/leslawplonka.com\/","title":{"rendered":"Obliczenia technologiczne oczyszczalni \u015bciek\u00f3w z osadem czynnym"},"content":{"rendered":"\n<p>Wykonujemy obliczenia dla oczyszczalni:<\/p>\n\n\n\n<ul class=\"wp-block-list\">\n<li>bilansowe (zobacz przyk\u0142ad: <a href=\"https:\/\/leslawplonka.com\/wp-content\/uploads\/2025\/03\/opis-wynikow-analizy-Qd.pdf\" data-type=\"attachment\" data-id=\"71\" target=\"_blank\" rel=\"noreferrer noopener\">typowy zakres analizy przep\u0142yw\u00f3w dobowych<\/a>),<\/li>\n\n\n\n<li>technologiczne ci\u0105gu \u015bciekowego i osadowego (wg ATV-DVWK-A 131).<\/li>\n<\/ul>\n\n\n\n<h2 class=\"wp-block-heading\">Zobacz: <a href=\"https:\/\/leslawplonka.com\/index.php\/wykonane-obliczenia\/\" data-type=\"page\" data-id=\"40\">wykonane obliczenia od 2011 roku<\/a><\/h2>\n\n\n\n<h2 class=\"wp-block-heading\">Kontakt<\/h2>\n\n\n\n<p>dr in\u017c. Les\u0142aw P\u0142onka<br><br>BOOST Les\u0142aw P\u0142onka<br>e-mail: biuro@leslawplonka.com<br>e-mail 2: lplonka@wp.pl <br>tel.: +48 606-230-606<br><br>44-100 Gliwice, ul. Stanis\u0142awa Moniuszki 10\/8<\/p>\n\n\n\n<p><a href=\"https:\/\/aplikacja.ceidg.gov.pl\/ceidg\/ceidg.public.ui\/SearchDetails.aspx?Id=ff87a72b-44fa-440f-b01c-52503c89b964\" target=\"_blank\" rel=\"noreferrer noopener\">Wpis do CEIDG<\/a><\/p>\n","protected":false},"excerpt":{"rendered":"<p>Wykonujemy obliczenia dla oczyszczalni: Zobacz: wykonane obliczenia od 2011 roku Kontakt dr in\u017c. Les\u0142aw P\u0142onka BOOST Les\u0142aw P\u0142onkae-mail: biuro@leslawplonka.come-mail 2: lplonka@wp.pl tel.: +48 606-230-606 44-100 Gliwice, ul. Stanis\u0142awa Moniuszki 10\/8 Wpis do CEIDG<\/p>\n","protected":false},"author":1,"featured_media":0,"parent":0,"menu_order":0,"comment_status":"closed","ping_status":"open","template":"","meta":{"footnotes":""},"class_list":["post-2","page","type-page","status-publish","hentry"],"_links":{"self":[{"href":"https:\/\/leslawplonka.com\/index.php\/wp-json\/wp\/v2\/pages\/2","targetHints":{"allow":["GET"]}}],"collection":[{"href":"https:\/\/leslawplonka.com\/index.php\/wp-json\/wp\/v2\/pages"}],"about":[{"href":"https:\/\/leslawplonka.com\/index.php\/wp-json\/wp\/v2\/types\/page"}],"author":[{"embeddable":true,"href":"https:\/\/leslawplonka.com\/index.php\/wp-json\/wp\/v2\/users\/1"}],"replies":[{"embeddable":true,"href":"https:\/\/leslawplonka.com\/index.php\/wp-json\/wp\/v2\/comments?post=2"}],"version-history":[{"count":11,"href":"https:\/\/leslawplonka.com\/index.php\/wp-json\/wp\/v2\/pages\/2\/revisions"}],"predecessor-version":[{"id":77,"href":"https:\/\/leslawplonka.com\/index.php\/wp-json\/wp\/v2\/pages\/2\/revisions\/77"}],"wp:attachment":[{"href":"https:\/\/leslawplonka.com\/index.php\/wp-json\/wp\/v2\/media?parent=2"}],"curies":[{"name":"wp","href":"https:\/\/api.w.org\/{rel}","templated":true}]}}